{"id":5835,"date":"2023-06-29T17:29:37","date_gmt":"2023-06-29T17:29:37","guid":{"rendered":"https:\/\/neuropediatoolbox.org\/?page_id=5835"},"modified":"2026-02-21T12:06:51","modified_gmt":"2026-02-21T12:06:51","slug":"toolkit","status":"publish","type":"page","link":"https:\/\/neuropediatoolkit.org\/en\/","title":{"rendered":"Toolkit"},"content":{"rendered":"<h2 class=\"wp-block-heading\">Scales and calculators<\/h2>\n\n\n\n<figure class=\"wp-block-gallery has-nested-images columns-2 is-cropped wp-block-gallery-2 is-layout-flex wp-block-gallery-is-layout-flex\">\n<figure class=\"wp-block-image size-large\"><a href=\"https:\/\/www.seghnp.org\/nutricional\/\"><img decoding=\"async\" width=\"83\" height=\"84\" data-id=\"6532\" src=\"https:\/\/neuropediatoolkit.org\/wp-content\/uploads\/2023\/08\/seghnp-e1693218803863.png\" alt=\"\" class=\"wp-image-6532\" srcset=\"https:\/\/neuropediatoolkit.org\/wp-content\/uploads\/2023\/08\/seghnp-e1693218803863.png 83w, https:\/\/neuropediatoolkit.org\/wp-content\/uploads\/2023\/08\/seghnp-e1693218803863-12x12.png 12w\" sizes=\"(max-width: 83px) 100vw, 83px\" \/><\/a><figcaption class=\"wp-element-caption\">Nutritional assessment<\/figcaption><\/figure>\n\n\n\n<figure class=\"wp-block-image size-large\"><a href=\"https:\/\/neuropediatoolkit.org\/en\/pednihss\/\"><img fetchpriority=\"high\" decoding=\"async\" width=\"902\" height=\"742\" data-id=\"6748\" src=\"https:\/\/neuropediatoolkit.org\/wp-content\/uploads\/2023\/11\/image-15.png\" alt=\"\" class=\"wp-image-6748\" srcset=\"https:\/\/neuropediatoolkit.org\/wp-content\/uploads\/2023\/11\/image-15.png 902w, https:\/\/neuropediatoolkit.org\/wp-content\/uploads\/2023\/11\/image-15-300x247.png 300w, https:\/\/neuropediatoolkit.org\/wp-content\/uploads\/2023\/11\/image-15-768x632.png 768w, https:\/\/neuropediatoolkit.org\/wp-content\/uploads\/2023\/11\/image-15-15x12.png 15w\" sizes=\"(max-width: 902px) 100vw, 902px\" \/><\/a><figcaption class=\"wp-element-caption\">NIHSS-Ped<\/figcaption><\/figure>\n\n\n\n<figure class=\"wp-block-image size-large\"><a href=\"https:\/\/neuropediatoolkit.org\/en\/pedcom\/\"><img decoding=\"async\" width=\"567\" height=\"366\" data-id=\"6772\" src=\"https:\/\/neuropediatoolkit.org\/wp-content\/uploads\/2023\/12\/image-2.png\" alt=\"\" class=\"wp-image-6772\" srcset=\"https:\/\/neuropediatoolkit.org\/wp-content\/uploads\/2023\/12\/image-2.png 567w, https:\/\/neuropediatoolkit.org\/wp-content\/uploads\/2023\/12\/image-2-300x194.png 300w, https:\/\/neuropediatoolkit.org\/wp-content\/uploads\/2023\/12\/image-2-18x12.png 18w\" sizes=\"(max-width: 567px) 100vw, 567px\" \/><\/a><figcaption class=\"wp-element-caption\">PedCom<\/figcaption><\/figure>\n\n\n\n<figure class=\"wp-block-image size-large\"><a href=\"https:\/\/neuropediatoolkit.org\/en\/calculadora-de-indice-cefalometrico-y-braquicefalico\/\"><img loading=\"lazy\" decoding=\"async\" width=\"884\" height=\"628\" data-id=\"6822\" src=\"https:\/\/neuropediatoolkit.org\/wp-content\/uploads\/2023\/12\/image-4.png\" alt=\"\" class=\"wp-image-6822\" srcset=\"https:\/\/neuropediatoolkit.org\/wp-content\/uploads\/2023\/12\/image-4.png 884w, https:\/\/neuropediatoolkit.org\/wp-content\/uploads\/2023\/12\/image-4-300x213.png 300w, https:\/\/neuropediatoolkit.org\/wp-content\/uploads\/2023\/12\/image-4-768x546.png 768w, https:\/\/neuropediatoolkit.org\/wp-content\/uploads\/2023\/12\/image-4-18x12.png 18w\" sizes=\"(max-width: 884px) 100vw, 884px\" \/><\/a><figcaption class=\"wp-element-caption\">Index cephalometric and brachycephalic<\/figcaption><\/figure>\n\n\n\n<figure class=\"wp-block-image size-large\"><a href=\"https:\/\/neuropediatoolkit.org\/en\/metodo-de-weaver\/\"><img loading=\"lazy\" decoding=\"async\" width=\"447\" height=\"341\" data-id=\"6542\" src=\"https:\/\/neuropediatoolkit.org\/wp-content\/uploads\/2023\/08\/weaver-curve.gif\" alt=\"\" class=\"wp-image-6542\"\/><\/a><figcaption class=\"wp-element-caption\"><br>Weaver's method<\/figcaption><\/figure>\n\n\n\n<figure class=\"wp-block-image size-large\"><a href=\"http:\/\/46.202.131.191:32768\/\"><img loading=\"lazy\" decoding=\"async\" width=\"1024\" height=\"628\" data-id=\"7738\" src=\"https:\/\/neuropediatoolkit.org\/wp-content\/uploads\/2025\/01\/Captura-de-pantalla-2021-09-28-a-las-15.18.16-1-1024x628.png\" alt=\"\" class=\"wp-image-7738\" srcset=\"https:\/\/neuropediatoolkit.org\/wp-content\/uploads\/2025\/01\/Captura-de-pantalla-2021-09-28-a-las-15.18.16-1-1024x628.png 1024w, https:\/\/neuropediatoolkit.org\/wp-content\/uploads\/2025\/01\/Captura-de-pantalla-2021-09-28-a-las-15.18.16-1-300x184.png 300w, https:\/\/neuropediatoolkit.org\/wp-content\/uploads\/2025\/01\/Captura-de-pantalla-2021-09-28-a-las-15.18.16-1-768x471.png 768w, https:\/\/neuropediatoolkit.org\/wp-content\/uploads\/2025\/01\/Captura-de-pantalla-2021-09-28-a-las-15.18.16-1-1536x941.png 1536w, https:\/\/neuropediatoolkit.org\/wp-content\/uploads\/2025\/01\/Captura-de-pantalla-2021-09-28-a-las-15.18.16-1-18x12.png 18w, https:\/\/neuropediatoolkit.org\/wp-content\/uploads\/2025\/01\/Captura-de-pantalla-2021-09-28-a-las-15.18.16-1-1568x961.png 1568w, https:\/\/neuropediatoolkit.org\/wp-content\/uploads\/2025\/01\/Captura-de-pantalla-2021-09-28-a-las-15.18.16-1.png 1922w\" sizes=\"(max-width: 1024px) 100vw, 1024px\" \/><\/a><figcaption class=\"wp-element-caption\">Test Haizea-Llevant<\/figcaption><\/figure>\n\n\n\n<figure class=\"wp-block-image size-large\"><a href=\"https:\/\/normapp.neuropedialab.org\"><img loading=\"lazy\" decoding=\"async\" width=\"969\" height=\"850\" data-id=\"7742\" src=\"https:\/\/neuropediatoolkit.org\/wp-content\/uploads\/2025\/01\/normal.png\" alt=\"\" class=\"wp-image-7742\" srcset=\"https:\/\/neuropediatoolkit.org\/wp-content\/uploads\/2025\/01\/normal.png 969w, https:\/\/neuropediatoolkit.org\/wp-content\/uploads\/2025\/01\/normal-300x263.png 300w, https:\/\/neuropediatoolkit.org\/wp-content\/uploads\/2025\/01\/normal-768x674.png 768w, https:\/\/neuropediatoolkit.org\/wp-content\/uploads\/2025\/01\/normal-14x12.png 14w\" sizes=\"(max-width: 969px) 100vw, 969px\" \/><\/a><figcaption class=\"wp-element-caption\">Standardised scores calc<\/figcaption><\/figure>\n<\/figure>\n\n\n\n<h2 class=\"wp-block-heading\">Mobile-phone apps<\/h2>\n\n\n\n<figure class=\"wp-block-gallery has-nested-images columns-default is-cropped wp-block-gallery-3 is-layout-flex wp-block-gallery-is-layout-flex\">\n<figure class=\"wp-block-image size-large\"><a href=\"https:\/\/play.google.com\/store\/apps\/details?id=b.piskernik.normscales\"><img loading=\"lazy\" decoding=\"async\" width=\"512\" height=\"512\" data-id=\"6530\" src=\"https:\/\/neuropediatoolkit.org\/wp-content\/uploads\/2023\/08\/normscales.png\" alt=\"\" class=\"wp-image-6530\" srcset=\"https:\/\/neuropediatoolkit.org\/wp-content\/uploads\/2023\/08\/normscales.png 512w, https:\/\/neuropediatoolkit.org\/wp-content\/uploads\/2023\/08\/normscales-150x150.png 150w, https:\/\/neuropediatoolkit.org\/wp-content\/uploads\/2023\/08\/normscales-300x300.png 300w, https:\/\/neuropediatoolkit.org\/wp-content\/uploads\/2023\/08\/normscales-12x12.png 12w\" sizes=\"(max-width: 512px) 100vw, 512px\" \/><\/a><figcaption class=\"wp-element-caption\">Normscales<\/figcaption><\/figure>\n\n\n\n<figure class=\"wp-block-image size-large\"><a href=\"https:\/\/play.google.com\/store\/apps\/details?id=com.smartoptometry.smartoptometry.full&amp;hl=es\"><img loading=\"lazy\" decoding=\"async\" width=\"512\" height=\"512\" data-id=\"6523\" src=\"https:\/\/neuropediatoolkit.org\/wp-content\/uploads\/2023\/08\/smart-optometry.jpg\" alt=\"\" class=\"wp-image-6523\" srcset=\"https:\/\/neuropediatoolkit.org\/wp-content\/uploads\/2023\/08\/smart-optometry.jpg 512w, https:\/\/neuropediatoolkit.org\/wp-content\/uploads\/2023\/08\/smart-optometry-150x150.jpg 150w, https:\/\/neuropediatoolkit.org\/wp-content\/uploads\/2023\/08\/smart-optometry-300x300.jpg 300w, https:\/\/neuropediatoolkit.org\/wp-content\/uploads\/2023\/08\/smart-optometry-12x12.jpg 12w\" sizes=\"(max-width: 512px) 100vw, 512px\" \/><\/a><figcaption class=\"wp-element-caption\">Smart Optometry<\/figcaption><\/figure>\n<\/figure>\n\n\n\n<h2 class=\"wp-block-heading\">Genetics<\/h2>\n\n\n\n<figure class=\"wp-block-gallery has-nested-images columns-2 is-cropped wp-block-gallery-4 is-layout-flex wp-block-gallery-is-layout-flex\">\n<figure class=\"wp-block-image size-large\"><a href=\"https:\/\/compbio.charite.de\/phenomizer\/\"><img loading=\"lazy\" decoding=\"async\" width=\"405\" height=\"295\" data-id=\"6537\" src=\"https:\/\/neuropediatoolkit.org\/wp-content\/uploads\/2023\/08\/phenomizer.webp\" alt=\"\" class=\"wp-image-6537\" srcset=\"https:\/\/neuropediatoolkit.org\/wp-content\/uploads\/2023\/08\/phenomizer.webp 405w, https:\/\/neuropediatoolkit.org\/wp-content\/uploads\/2023\/08\/phenomizer-300x219.webp 300w, https:\/\/neuropediatoolkit.org\/wp-content\/uploads\/2023\/08\/phenomizer-16x12.webp 16w\" sizes=\"(max-width: 405px) 100vw, 405px\" \/><\/a><figcaption class=\"wp-element-caption\">Phenomyzer<\/figcaption><\/figure>\n\n\n\n<figure class=\"wp-block-image size-large\"><a href=\"https:\/\/www.deciphergenomics.org\/\"><img loading=\"lazy\" decoding=\"async\" width=\"256\" height=\"256\" data-id=\"5862\" src=\"https:\/\/neuropediatoolkit.org\/wp-content\/uploads\/2023\/06\/imagen-31.png\" alt=\"\" class=\"wp-image-5862\" srcset=\"https:\/\/neuropediatoolkit.org\/wp-content\/uploads\/2023\/06\/imagen-31.png 256w, https:\/\/neuropediatoolkit.org\/wp-content\/uploads\/2023\/06\/imagen-31-150x150.png 150w, https:\/\/neuropediatoolkit.org\/wp-content\/uploads\/2023\/06\/imagen-31-12x12.png 12w\" sizes=\"(max-width: 256px) 100vw, 256px\" \/><\/a><figcaption class=\"wp-element-caption\">Decipher<\/figcaption><\/figure>\n\n\n\n<figure class=\"wp-block-image size-large\"><a href=\"https:\/\/rarechromo.org\/\"><img loading=\"lazy\" decoding=\"async\" width=\"400\" height=\"400\" data-id=\"5863\" src=\"https:\/\/neuropediatoolkit.org\/wp-content\/uploads\/2023\/06\/imagen-32.png\" alt=\"\" class=\"wp-image-5863\" srcset=\"https:\/\/neuropediatoolkit.org\/wp-content\/uploads\/2023\/06\/imagen-32.png 400w, https:\/\/neuropediatoolkit.org\/wp-content\/uploads\/2023\/06\/imagen-32-150x150.png 150w, https:\/\/neuropediatoolkit.org\/wp-content\/uploads\/2023\/06\/imagen-32-300x300.png 300w, https:\/\/neuropediatoolkit.org\/wp-content\/uploads\/2023\/06\/imagen-32-12x12.png 12w\" sizes=\"(max-width: 400px) 100vw, 400px\" \/><\/a><figcaption class=\"wp-element-caption\">Rarecrhomo<\/figcaption><\/figure>\n\n\n\n<figure class=\"wp-block-image size-large\"><a href=\"https:\/\/varsome.com\/\"><img loading=\"lazy\" decoding=\"async\" width=\"200\" height=\"200\" data-id=\"5866\" src=\"https:\/\/neuropediatoolkit.org\/wp-content\/uploads\/2023\/06\/imagen-35.png\" alt=\"\" class=\"wp-image-5866\" srcset=\"https:\/\/neuropediatoolkit.org\/wp-content\/uploads\/2023\/06\/imagen-35.png 200w, https:\/\/neuropediatoolkit.org\/wp-content\/uploads\/2023\/06\/imagen-35-150x150.png 150w, https:\/\/neuropediatoolkit.org\/wp-content\/uploads\/2023\/06\/imagen-35-12x12.png 12w\" sizes=\"(max-width: 200px) 100vw, 200px\" \/><\/a><figcaption class=\"wp-element-caption\">Varsome<\/figcaption><\/figure>\n\n\n\n<figure class=\"wp-block-image size-large\"><a href=\"https:\/\/www.ncbi.nlm.nih.gov\/books\/NBK1116\/\"><img loading=\"lazy\" decoding=\"async\" width=\"160\" height=\"160\" data-id=\"6539\" src=\"https:\/\/neuropediatoolkit.org\/wp-content\/uploads\/2023\/08\/genereviews-edited.png\" alt=\"\" class=\"wp-image-6539\" srcset=\"https:\/\/neuropediatoolkit.org\/wp-content\/uploads\/2023\/08\/genereviews-edited.png 160w, https:\/\/neuropediatoolkit.org\/wp-content\/uploads\/2023\/08\/genereviews-edited-150x150.png 150w, https:\/\/neuropediatoolkit.org\/wp-content\/uploads\/2023\/08\/genereviews-edited-12x12.png 12w\" sizes=\"(max-width: 160px) 100vw, 160px\" \/><\/a><figcaption class=\"wp-element-caption\">Gene Reviews<\/figcaption><\/figure>\n<\/figure>\n\n\n\n<h2 class=\"wp-block-heading\">Dysmorphology. <\/h2>\n\n\n\n<figure class=\"wp-block-gallery has-nested-images columns-2 is-cropped wp-block-gallery-5 is-layout-flex wp-block-gallery-is-layout-flex\">\n<figure class=\"wp-block-image size-large\"><a href=\"https:\/\/elementsofmorphology.nih.gov\/\"><img loading=\"lazy\" decoding=\"async\" width=\"432\" height=\"498\" data-id=\"7946\" src=\"https:\/\/neuropediatoolkit.org\/wp-content\/uploads\/2025\/11\/image-1.png\" alt=\"\" class=\"wp-image-7946\" srcset=\"https:\/\/neuropediatoolkit.org\/wp-content\/uploads\/2025\/11\/image-1.png 432w, https:\/\/neuropediatoolkit.org\/wp-content\/uploads\/2025\/11\/image-1-260x300.png 260w, https:\/\/neuropediatoolkit.org\/wp-content\/uploads\/2025\/11\/image-1-10x12.png 10w\" sizes=\"(max-width: 432px) 100vw, 432px\" \/><\/a><figcaption class=\"wp-element-caption\">Elements of morphology<\/figcaption><\/figure>\n\n\n\n<figure class=\"wp-block-image size-large\"><a href=\"https:\/\/syndrome-atlas.ca\/\"><img loading=\"lazy\" decoding=\"async\" width=\"1024\" height=\"585\" data-id=\"7947\" src=\"https:\/\/neuropediatoolkit.org\/wp-content\/uploads\/2025\/11\/image-2-1024x585.png\" alt=\"\" class=\"wp-image-7947\" srcset=\"https:\/\/neuropediatoolkit.org\/wp-content\/uploads\/2025\/11\/image-2-1024x585.png 1024w, https:\/\/neuropediatoolkit.org\/wp-content\/uploads\/2025\/11\/image-2-300x171.png 300w, https:\/\/neuropediatoolkit.org\/wp-content\/uploads\/2025\/11\/image-2-768x439.png 768w, https:\/\/neuropediatoolkit.org\/wp-content\/uploads\/2025\/11\/image-2-18x10.png 18w, https:\/\/neuropediatoolkit.org\/wp-content\/uploads\/2025\/11\/image-2.png 1224w\" sizes=\"(max-width: 1024px) 100vw, 1024px\" \/><\/a><figcaption class=\"wp-element-caption\">The atlas of syndromic morphology.<\/figcaption><\/figure>\n\n\n\n<figure class=\"wp-block-image size-large\"><a href=\"https:\/\/research.nhgri.nih.gov\/atlas\/index.shtml\"><img loading=\"lazy\" decoding=\"async\" width=\"483\" height=\"294\" data-id=\"7945\" src=\"https:\/\/neuropediatoolkit.org\/wp-content\/uploads\/2025\/11\/image.png\" alt=\"\" class=\"wp-image-7945\" srcset=\"https:\/\/neuropediatoolkit.org\/wp-content\/uploads\/2025\/11\/image.png 483w, https:\/\/neuropediatoolkit.org\/wp-content\/uploads\/2025\/11\/image-300x183.png 300w, https:\/\/neuropediatoolkit.org\/wp-content\/uploads\/2025\/11\/image-18x12.png 18w\" sizes=\"(max-width: 483px) 100vw, 483px\" \/><\/a><figcaption class=\"wp-element-caption\">Atlas of human morphology in diverse populations.<\/figcaption><\/figure>\n\n\n\n<figure class=\"wp-block-image size-large\"><a href=\"http:\/\/humanphenotypes.net\/\"><img loading=\"lazy\" decoding=\"async\" width=\"1024\" height=\"806\" data-id=\"7948\" src=\"https:\/\/neuropediatoolkit.org\/wp-content\/uploads\/2025\/11\/image-3-1024x806.png\" alt=\"\" class=\"wp-image-7948\" srcset=\"https:\/\/neuropediatoolkit.org\/wp-content\/uploads\/2025\/11\/image-3-1024x806.png 1024w, https:\/\/neuropediatoolkit.org\/wp-content\/uploads\/2025\/11\/image-3-300x236.png 300w, https:\/\/neuropediatoolkit.org\/wp-content\/uploads\/2025\/11\/image-3-768x605.png 768w, https:\/\/neuropediatoolkit.org\/wp-content\/uploads\/2025\/11\/image-3-15x12.png 15w, https:\/\/neuropediatoolkit.org\/wp-content\/uploads\/2025\/11\/image-3.png 1062w\" sizes=\"(max-width: 1024px) 100vw, 1024px\" \/><\/a><figcaption class=\"wp-element-caption\">Human phenotypes<\/figcaption><\/figure>\n<\/figure>\n\n\n\n<h2 class=\"wp-block-heading\">Neurological diseases<\/h2>\n\n\n\n<p><\/p>\n\n\n\n<figure class=\"wp-block-gallery has-nested-images columns-2 is-cropped wp-block-gallery-6 is-layout-flex wp-block-gallery-is-layout-flex\">\n<figure class=\"wp-block-image size-large\"><a href=\"https:\/\/www.learningeeg.com\/\"><img loading=\"lazy\" decoding=\"async\" width=\"1024\" height=\"463\" data-id=\"2229\" src=\"https:\/\/neuropediatoolkit.org\/wp-content\/uploads\/2022\/09\/imagen-28-1024x463.png\" alt=\"\" class=\"wp-image-2229\" srcset=\"https:\/\/neuropediatoolkit.org\/wp-content\/uploads\/2022\/09\/imagen-28-1024x463.png 1024w, https:\/\/neuropediatoolkit.org\/wp-content\/uploads\/2022\/09\/imagen-28-300x136.png 300w, https:\/\/neuropediatoolkit.org\/wp-content\/uploads\/2022\/09\/imagen-28-768x348.png 768w, https:\/\/neuropediatoolkit.org\/wp-content\/uploads\/2022\/09\/imagen-28-1536x695.png 1536w, https:\/\/neuropediatoolkit.org\/wp-content\/uploads\/2022\/09\/imagen-28-18x8.png 18w, https:\/\/neuropediatoolkit.org\/wp-content\/uploads\/2022\/09\/imagen-28-1568x710.png 1568w, https:\/\/neuropediatoolkit.org\/wp-content\/uploads\/2022\/09\/imagen-28.png 1920w\" sizes=\"(max-width: 1024px) 100vw, 1024px\" \/><\/a><figcaption class=\"wp-element-caption\">Learning EEG<\/figcaption><\/figure>\n\n\n\n<figure class=\"wp-block-image size-large is-style-default\"><a href=\"https:\/\/neuromuscular.wustl.edu\/\"><img loading=\"lazy\" decoding=\"async\" width=\"935\" height=\"728\" data-id=\"2114\" src=\"https:\/\/neuropediatoolkit.org\/wp-content\/uploads\/2022\/09\/imagen-17.png\" alt=\"\" class=\"wp-image-2114\" srcset=\"https:\/\/neuropediatoolkit.org\/wp-content\/uploads\/2022\/09\/imagen-17.png 935w, https:\/\/neuropediatoolkit.org\/wp-content\/uploads\/2022\/09\/imagen-17-300x234.png 300w, https:\/\/neuropediatoolkit.org\/wp-content\/uploads\/2022\/09\/imagen-17-768x598.png 768w, https:\/\/neuropediatoolkit.org\/wp-content\/uploads\/2022\/09\/imagen-17-15x12.png 15w\" sizes=\"(max-width: 935px) 100vw, 935px\" \/><\/a><figcaption class=\"wp-element-caption\">Neuromuscular diseases, Washington<\/figcaption><\/figure>\n\n\n\n<figure class=\"wp-block-image size-large\"><a href=\"https:\/\/www.epilepsydiagnosis.org\/\"><img loading=\"lazy\" decoding=\"async\" width=\"240\" height=\"210\" data-id=\"5864\" src=\"https:\/\/neuropediatoolkit.org\/wp-content\/uploads\/2023\/06\/imagen-33.png\" alt=\"\" class=\"wp-image-5864\" srcset=\"https:\/\/neuropediatoolkit.org\/wp-content\/uploads\/2023\/06\/imagen-33.png 240w, https:\/\/neuropediatoolkit.org\/wp-content\/uploads\/2023\/06\/imagen-33-14x12.png 14w\" sizes=\"(max-width: 240px) 100vw, 240px\" \/><\/a><figcaption class=\"wp-element-caption\">Epilepsy Diagnosis<\/figcaption><\/figure>\n\n\n\n<figure class=\"wp-block-image size-large\"><a href=\"https:\/\/www.mdsgene.org\/\"><img loading=\"lazy\" decoding=\"async\" width=\"375\" height=\"134\" data-id=\"5870\" src=\"https:\/\/neuropediatoolkit.org\/wp-content\/uploads\/2023\/06\/imagen-37.png\" alt=\"\" class=\"wp-image-5870\" srcset=\"https:\/\/neuropediatoolkit.org\/wp-content\/uploads\/2023\/06\/imagen-37.png 375w, https:\/\/neuropediatoolkit.org\/wp-content\/uploads\/2023\/06\/imagen-37-300x107.png 300w, https:\/\/neuropediatoolkit.org\/wp-content\/uploads\/2023\/06\/imagen-37-18x6.png 18w\" sizes=\"(max-width: 375px) 100vw, 375px\" \/><\/a><figcaption class=\"wp-element-caption\">Movement Disorder Genes<\/figcaption><\/figure>\n\n\n\n<figure class=\"wp-block-image size-large\"><a href=\"https:\/\/neurochecklists.com\/\"><img loading=\"lazy\" decoding=\"async\" width=\"845\" height=\"655\" data-id=\"7141\" src=\"https:\/\/neuropediatoolkit.org\/wp-content\/uploads\/2024\/01\/neurochecklists.png\" alt=\"\" class=\"wp-image-7141\" srcset=\"https:\/\/neuropediatoolkit.org\/wp-content\/uploads\/2024\/01\/neurochecklists.png 845w, https:\/\/neuropediatoolkit.org\/wp-content\/uploads\/2024\/01\/neurochecklists-300x233.png 300w, https:\/\/neuropediatoolkit.org\/wp-content\/uploads\/2024\/01\/neurochecklists-768x595.png 768w, https:\/\/neuropediatoolkit.org\/wp-content\/uploads\/2024\/01\/neurochecklists-15x12.png 15w\" sizes=\"(max-width: 845px) 100vw, 845px\" \/><\/a><figcaption class=\"wp-element-caption\">Neurochecklists<\/figcaption><\/figure>\n<\/figure>\n\n\n\n<h2 class=\"wp-block-heading\">Metabolic<\/h2>\n\n\n\n<figure class=\"wp-block-gallery has-nested-images columns-default is-cropped wp-block-gallery-7 is-layout-flex wp-block-gallery-is-layout-flex\">\n<figure class=\"wp-block-image size-large\"><a href=\"http:\/\/www.vademetab.org\/\"><img loading=\"lazy\" decoding=\"async\" width=\"512\" height=\"250\" data-id=\"5879\" src=\"https:\/\/neuropediatoolkit.org\/wp-content\/uploads\/2023\/06\/imagen-38.png\" alt=\"\" class=\"wp-image-5879\" srcset=\"https:\/\/neuropediatoolkit.org\/wp-content\/uploads\/2023\/06\/imagen-38.png 512w, https:\/\/neuropediatoolkit.org\/wp-content\/uploads\/2023\/06\/imagen-38-300x146.png 300w, https:\/\/neuropediatoolkit.org\/wp-content\/uploads\/2023\/06\/imagen-38-18x9.png 18w\" sizes=\"(max-width: 512px) 100vw, 512px\" \/><\/a><figcaption class=\"wp-element-caption\">Vademecum Metabolicum<\/figcaption><\/figure>\n\n\n\n<figure class=\"wp-block-image size-large\"><a href=\"https:\/\/treatable-id.net\"><img loading=\"lazy\" decoding=\"async\" width=\"240\" height=\"240\" data-id=\"5868\" src=\"https:\/\/neuropediatoolkit.org\/wp-content\/uploads\/2023\/06\/imagen-36.png\" alt=\"\" class=\"wp-image-5868\" srcset=\"https:\/\/neuropediatoolkit.org\/wp-content\/uploads\/2023\/06\/imagen-36.png 240w, https:\/\/neuropediatoolkit.org\/wp-content\/uploads\/2023\/06\/imagen-36-150x150.png 150w, https:\/\/neuropediatoolkit.org\/wp-content\/uploads\/2023\/06\/imagen-36-12x12.png 12w\" sizes=\"(max-width: 240px) 100vw, 240px\" \/><\/a><figcaption class=\"wp-element-caption\">Treatable ID<\/figcaption><\/figure>\n<\/figure>\n\n\n\n<h2 class=\"wp-block-heading\">Neuroradiology<\/h2>\n\n\n\n<figure class=\"wp-block-gallery has-nested-images columns-default is-cropped wp-block-gallery-8 is-layout-flex wp-block-gallery-is-layout-flex\">\n<figure class=\"wp-block-image size-large\"><a href=\"https:\/\/www.mrineonatalbrain.com\/\"><img loading=\"lazy\" decoding=\"async\" width=\"375\" height=\"474\" data-id=\"2569\" src=\"https:\/\/neuropediatoolkit.org\/wp-content\/uploads\/2022\/09\/image-42.png\" alt=\"\" class=\"wp-image-2569\" srcset=\"https:\/\/neuropediatoolkit.org\/wp-content\/uploads\/2022\/09\/image-42.png 375w, https:\/\/neuropediatoolkit.org\/wp-content\/uploads\/2022\/09\/image-42-237x300.png 237w, https:\/\/neuropediatoolkit.org\/wp-content\/uploads\/2022\/09\/image-42-9x12.png 9w\" sizes=\"(max-width: 375px) 100vw, 375px\" \/><\/a><figcaption class=\"wp-element-caption\">MRI of the Neonatal Brain<\/figcaption><\/figure>\n\n\n\n<figure class=\"wp-block-image size-large\"><a href=\"https:\/\/radiopaedia.org\/\"><img loading=\"lazy\" decoding=\"async\" width=\"1024\" height=\"649\" data-id=\"5880\" src=\"https:\/\/neuropediatoolkit.org\/wp-content\/uploads\/2023\/06\/imagen-39-1024x649.png\" alt=\"\" class=\"wp-image-5880\" srcset=\"https:\/\/neuropediatoolkit.org\/wp-content\/uploads\/2023\/06\/imagen-39-1024x649.png 1024w, https:\/\/neuropediatoolkit.org\/wp-content\/uploads\/2023\/06\/imagen-39-300x190.png 300w, https:\/\/neuropediatoolkit.org\/wp-content\/uploads\/2023\/06\/imagen-39-768x486.png 768w, https:\/\/neuropediatoolkit.org\/wp-content\/uploads\/2023\/06\/imagen-39-18x12.png 18w, https:\/\/neuropediatoolkit.org\/wp-content\/uploads\/2023\/06\/imagen-39.png 1500w\" sizes=\"(max-width: 1024px) 100vw, 1024px\" \/><\/a><figcaption class=\"wp-element-caption\">Radiopaedia<\/figcaption><\/figure>\n<\/figure>\n\n\n\n<h2 class=\"wp-block-heading\">Therapeutic management.<\/h2>\n\n\n\n<figure class=\"wp-block-gallery has-nested-images columns-2 is-cropped wp-block-gallery-9 is-layout-flex wp-block-gallery-is-layout-flex\">\n<figure class=\"wp-block-image size-full\"><img loading=\"lazy\" decoding=\"async\" width=\"567\" height=\"518\" data-id=\"7636\" src=\"https:\/\/neuropediatoolkit.org\/wp-content\/uploads\/2024\/10\/image.png\" alt=\"\" class=\"wp-image-7636\" srcset=\"https:\/\/neuropediatoolkit.org\/wp-content\/uploads\/2024\/10\/image.png 567w, https:\/\/neuropediatoolkit.org\/wp-content\/uploads\/2024\/10\/image-300x274.png 300w, https:\/\/neuropediatoolkit.org\/wp-content\/uploads\/2024\/10\/image-13x12.png 13w\" sizes=\"(max-width: 567px) 100vw, 567px\" \/><figcaption class=\"wp-element-caption\">OrphanAnesthesia<\/figcaption><\/figure>\n\n\n\n<figure class=\"wp-block-image size-large\"><a href=\"https:\/\/treatabolome.org\/#\/\"><img loading=\"lazy\" decoding=\"async\" width=\"1024\" height=\"522\" data-id=\"7637\" src=\"https:\/\/neuropediatoolkit.org\/wp-content\/uploads\/2024\/10\/image-1-1024x522.png\" alt=\"\" class=\"wp-image-7637\" srcset=\"https:\/\/neuropediatoolkit.org\/wp-content\/uploads\/2024\/10\/image-1-1024x522.png 1024w, https:\/\/neuropediatoolkit.org\/wp-content\/uploads\/2024\/10\/image-1-300x153.png 300w, https:\/\/neuropediatoolkit.org\/wp-content\/uploads\/2024\/10\/image-1-768x392.png 768w, https:\/\/neuropediatoolkit.org\/wp-content\/uploads\/2024\/10\/image-1-18x9.png 18w, https:\/\/neuropediatoolkit.org\/wp-content\/uploads\/2024\/10\/image-1.png 1288w\" sizes=\"(max-width: 1024px) 100vw, 1024px\" \/><\/a><figcaption class=\"wp-element-caption\">Treatabolome<\/figcaption><\/figure>\n\n\n\n<figure class=\"wp-block-image size-large\"><a href=\"https:\/\/adhd.neuropedialab.org\/\"><img loading=\"lazy\" decoding=\"async\" width=\"1024\" height=\"611\" data-id=\"8044\" src=\"https:\/\/neuropediatoolkit.org\/wp-content\/uploads\/2026\/02\/farmacocinetica-1024x611.png\" alt=\"\" class=\"wp-image-8044\" srcset=\"https:\/\/neuropediatoolkit.org\/wp-content\/uploads\/2026\/02\/farmacocinetica-1024x611.png 1024w, https:\/\/neuropediatoolkit.org\/wp-content\/uploads\/2026\/02\/farmacocinetica-300x179.png 300w, https:\/\/neuropediatoolkit.org\/wp-content\/uploads\/2026\/02\/farmacocinetica-768x458.png 768w, https:\/\/neuropediatoolkit.org\/wp-content\/uploads\/2026\/02\/farmacocinetica-18x12.png 18w, https:\/\/neuropediatoolkit.org\/wp-content\/uploads\/2026\/02\/farmacocinetica.png 1084w\" sizes=\"(max-width: 1024px) 100vw, 1024px\" \/><\/a><figcaption class=\"wp-element-caption\">Comparador de farmacocin\u00e9tica TDAH<\/figcaption><\/figure>\n<\/figure>\n\n\n\n<p><\/p>","protected":false},"excerpt":{"rendered":"<p>Escalas y calculadoras Aplicaciones m\u00f3viles Gen\u00e9tica Dismorfolog\u00eda. Enfermedades neurol\u00f3gicas Metab\u00f3licas Neurorradiologia Manejo terap\u00e9utico.<\/p>","protected":false},"author":1,"featured_media":5448,"parent":0,"menu_order":0,"comment_status":"closed","ping_status":"closed","template":"","meta":{"_themeisle_gutenberg_block_has_review":false,"footnotes":""},"class_list":["post-5835","page","type-page","status-publish","has-post-thumbnail","hentry","entry"],"_links":{"self":[{"href":"https:\/\/neuropediatoolkit.org\/en\/wp-json\/wp\/v2\/pages\/5835","targetHints":{"allow":["GET"]}}],"collection":[{"href":"https:\/\/neuropediatoolkit.org\/en\/wp-json\/wp\/v2\/pages"}],"about":[{"href":"https:\/\/neuropediatoolkit.org\/en\/wp-json\/wp\/v2\/types\/page"}],"author":[{"embeddable":true,"href":"https:\/\/neuropediatoolkit.org\/en\/wp-json\/wp\/v2\/users\/1"}],"replies":[{"embeddable":true,"href":"https:\/\/neuropediatoolkit.org\/en\/wp-json\/wp\/v2\/comments?post=5835"}],"version-history":[{"count":60,"href":"https:\/\/neuropediatoolkit.org\/en\/wp-json\/wp\/v2\/pages\/5835\/revisions"}],"predecessor-version":[{"id":8047,"href":"https:\/\/neuropediatoolkit.org\/en\/wp-json\/wp\/v2\/pages\/5835\/revisions\/8047"}],"wp:featuredmedia":[{"embeddable":true,"href":"https:\/\/neuropediatoolkit.org\/en\/wp-json\/wp\/v2\/media\/5448"}],"wp:attachment":[{"href":"https:\/\/neuropediatoolkit.org\/en\/wp-json\/wp\/v2\/media?parent=5835"}],"curies":[{"name":"wp","href":"https:\/\/api.w.org\/{rel}","templated":true}]}}